{"id":20,"date":"2025-05-19T15:45:44","date_gmt":"2025-05-19T15:45:44","guid":{"rendered":"https:\/\/genesa.rkinformatika.online\/?page_id=20"},"modified":"2025-05-21T16:23:53","modified_gmt":"2025-05-21T16:23:53","slug":"inicio","status":"publish","type":"page","link":"https:\/\/genesa.es\/eu\/","title":{"rendered":"Hasiera"},"content":{"rendered":"<div data-elementor-type=\"wp-page\" data-elementor-id=\"20\" class=\"elementor elementor-20\" data-elementor-post-type=\"page\">\n\t\t\t\t<div class=\"elementor-element elementor-element-038d548 e-flex e-con-boxed e-con e-parent\" data-id=\"038d548\" data-element_type=\"container\" data-e-type=\"container\" data-settings=\"{&quot;background_background&quot;:&quot;classic&quot;}\">\n\t\t\t\t\t<div class=\"e-con-inner\">\n\t\t\t\t<div class=\"elementor-element elementor-element-b924d93 elementor-invisible elementor-widget elementor-widget-heading\" data-id=\"b924d93\" data-element_type=\"widget\" data-e-type=\"widget\" data-settings=\"{&quot;_animation&quot;:&quot;fadeInLeft&quot;}\" data-widget_type=\"heading.default\">\n\t\t\t\t<div class=\"elementor-widget-container\">\n\t\t\t\t\t<h2 class=\"elementor-heading-title elementor-size-default\">Industrias Genesa S.A.<\/h2>\t\t\t\t<\/div>\n\t\t\t\t<\/div>\n\t\t\t\t\t<\/div>\n\t\t\t\t<\/div>\n\t\t<div class=\"elementor-element elementor-element-ac4242d e-flex e-con-boxed e-con e-parent\" data-id=\"ac4242d\" data-element_type=\"container\" data-e-type=\"container\">\n\t\t\t\t\t<div class=\"e-con-inner\">\n\t\t<div class=\"elementor-element elementor-element-04b9979 e-con-full e-flex elementor-invisible e-con e-child\" data-id=\"04b9979\" data-element_type=\"container\" data-e-type=\"container\" data-settings=\"{&quot;animation&quot;:&quot;fadeInDown&quot;}\">\n\t\t\t\t<div class=\"elementor-element elementor-element-a522361 elementor-widget elementor-widget-image\" data-id=\"a522361\" data-element_type=\"widget\" data-e-type=\"widget\" data-widget_type=\"image.default\">\n\t\t\t\t<div class=\"elementor-widget-container\">\n\t\t\t\t\t\t\t\t\t\t\t\t\t\t\t<img fetchpriority=\"high\" decoding=\"async\" width=\"800\" height=\"531\" src=\"https:\/\/genesa.es\/wp-content\/uploads\/2025\/05\/fachada-genesa-1024x680.jpg\" class=\"attachment-large size-large wp-image-66\" alt=\"\" srcset=\"https:\/\/genesa.es\/wp-content\/uploads\/2025\/05\/fachada-genesa-1024x680.jpg 1024w, https:\/\/genesa.es\/wp-content\/uploads\/2025\/05\/fachada-genesa-300x199.jpg 300w, https:\/\/genesa.es\/wp-content\/uploads\/2025\/05\/fachada-genesa-768x510.jpg 768w, https:\/\/genesa.es\/wp-content\/uploads\/2025\/05\/fachada-genesa-1536x1020.jpg 1536w, https:\/\/genesa.es\/wp-content\/uploads\/2025\/05\/fachada-genesa-2048x1360.jpg 2048w, https:\/\/genesa.es\/wp-content\/uploads\/2025\/05\/fachada-genesa-18x12.jpg 18w\" sizes=\"(max-width: 800px) 100vw, 800px\" \/>\t\t\t\t\t\t\t\t\t\t\t\t\t\t\t<\/div>\n\t\t\t\t<\/div>\n\t\t\t\t<\/div>\n\t\t<div class=\"elementor-element elementor-element-d32368f e-con-full e-flex elementor-invisible e-con e-child\" data-id=\"d32368f\" data-element_type=\"container\" data-e-type=\"container\" data-settings=\"{&quot;animation&quot;:&quot;fadeInDown&quot;}\">\n\t\t\t\t<div class=\"elementor-element elementor-element-fd505a1 elementor-widget elementor-widget-heading\" data-id=\"fd505a1\" data-element_type=\"widget\" data-e-type=\"widget\" data-widget_type=\"heading.default\">\n\t\t\t\t<div class=\"elementor-widget-container\">\n\t\t\t\t\t<h2 class=\"elementor-heading-title elementor-size-default\">Guri buruz<\/h2>\t\t\t\t<\/div>\n\t\t\t\t<\/div>\n\t\t\t\t<div class=\"elementor-element elementor-element-cf02d94 elementor-widget elementor-widget-text-editor\" data-id=\"cf02d94\" data-element_type=\"widget\" data-e-type=\"widget\" data-widget_type=\"text-editor.default\">\n\t\t\t\t<div class=\"elementor-widget-container\">\n\t\t\t\t\t\t\t\t\t<p class=\"\" data-start=\"173\" data-end=\"502\"><strong data-start=\"173\" data-end=\"199\">Industrias Genesa S.A.<\/strong> 40 urte baino gehiagoko esperientzia espezializatua duen enpresa da, <strong data-start=\"269\" data-end=\"336\">Balazta eta akoplamendu industrialen fabrikazioa eta konponketa<\/strong>. Gure egoitzatik, <strong data-start=\"360\" data-end=\"380\">Mungian (Bizkaian)<\/strong>Industria sektorearen beharrei erantzuten diegu, soluzio fidagarriak, pertsonalizatuak eta kalitate handikoak eskainiz.<\/p><p class=\"\" data-start=\"504\" data-end=\"751\">Gure ibilbideak erreferente gisa kokatu gaitu <strong data-start=\"587\" data-end=\"673\">balazta elektrohidraulikoak, hidraulikoak, magnetikoak, eskuzkoak eta sistema konbinatuak<\/strong>Bezero eta aplikazio bakoitzaren eskakizun teknikoetara egokituko gara beti.<\/p><p class=\"\" data-start=\"753\" data-end=\"1040\">Talde aditu bat eta azpiegitura tekniko sendo bat ditugu zerbitzu integral bat bermatzeko, fabrikaziotik hasi eta gure produktuak mantendu eta konpontzeraino. Gure lehentasuna da <strong data-start=\"968\" data-end=\"1007\">segurtasuna, efizientzia eta iraunkortasuna<\/strong> entregatzen dugun soluzio bakoitzean.<\/p>\t\t\t\t\t\t\t\t<\/div>\n\t\t\t\t<\/div>\n\t\t\t\t<\/div>\n\t\t\t\t\t<\/div>\n\t\t\t\t<\/div>\n\t\t<div class=\"elementor-element elementor-element-9aad1eb e-flex e-con-boxed e-con e-parent\" data-id=\"9aad1eb\" data-element_type=\"container\" data-e-type=\"container\">\n\t\t\t\t\t<div class=\"e-con-inner\">\n\t\t\t\t<div class=\"elementor-element elementor-element-be0507b elementor-cta--skin-classic elementor-animated-content elementor-bg-transform elementor-bg-transform-zoom-in elementor-widget elementor-widget-call-to-action\" data-id=\"be0507b\" data-element_type=\"widget\" data-e-type=\"widget\" data-widget_type=\"call-to-action.default\">\n\t\t\t\t<div class=\"elementor-widget-container\">\n\t\t\t\t\t\t\t<div class=\"elementor-cta\">\n\t\t\t\t\t<div class=\"elementor-cta__bg-wrapper\">\n\t\t\t\t<div class=\"elementor-cta__bg elementor-bg\" style=\"background-image: url(https:\/\/genesa.es\/wp-content\/uploads\/2025\/05\/varios-frenos-y-elevadores-1024x680.jpg);\" role=\"img\" aria-label=\"varios frenos y elevadores\"><\/div>\n\t\t\t\t<div class=\"elementor-cta__bg-overlay\"><\/div>\n\t\t\t<\/div>\n\t\t\t\t\t\t\t<div class=\"elementor-cta__content\">\n\t\t\t\t\n\t\t\t\t\t\t\t\t\t<h2 class=\"elementor-cta__title elementor-cta__content-item elementor-content-item\">\n\t\t\t\t\t\tEzagutu gure balazta industrialak\t\t\t\t\t<\/h2>\n\t\t\t\t\n\t\t\t\t\t\t\t\t\t<div class=\"elementor-cta__description elementor-cta__content-item elementor-content-item\">\n\t\t\t\t\t\tBalazta sistema fidagarria behar duzu zure makineriarentzat?\t\t\t\t\t<\/div>\n\t\t\t\t\n\t\t\t\t\t\t\t\t\t<div class=\"elementor-cta__button-wrapper elementor-cta__content-item elementor-content-item\">\n\t\t\t\t\t<a class=\"elementor-cta__button elementor-button elementor-size-\" href=\"https:\/\/genesa.es\/index.php\/productos\/\">\n\t\t\t\t\t\tProduktuak\t\t\t\t\t<\/a>\n\t\t\t\t\t<\/div>\n\t\t\t\t\t\t\t<\/div>\n\t\t\t\t\t\t<\/div>\n\t\t\t\t\t\t<\/div>\n\t\t\t\t<\/div>\n\t\t\t\t\t<\/div>\n\t\t\t\t<\/div>\n\t\t\t\t<\/div>","protected":false},"excerpt":{"rendered":"<p>Industrias Genesa S.A. Sobre nosotros Industrias Genesa S.A. es una empresa con m\u00e1s de 40 a\u00f1os de experiencia especializada en la fabricaci\u00f3n y reparaci\u00f3n de frenos y acoplamientos industriales. Desde nuestra sede en Mungia (Bizkaia), damos respuesta a las necesidades del sector industrial ofreciendo soluciones fiables, personalizadas y de alta calidad. Nuestra trayectoria nos ha [&hellip;]<\/p>\n","protected":false},"author":1,"featured_media":0,"parent":0,"menu_order":0,"comment_status":"closed","ping_status":"closed","template":"","meta":{"footnotes":""},"class_list":["post-20","page","type-page","status-publish","hentry"],"yoast_head":"<!-- This site is optimized with the Yoast SEO plugin v27.5 - https:\/\/yoast.com\/product\/yoast-seo-wordpress\/ -->\n<title>Inicio - Genesa<\/title>\n<meta name=\"robots\" content=\"index, follow, max-snippet:-1, max-image-preview:large, max-video-preview:-1\" \/>\n<link rel=\"canonical\" href=\"https:\/\/genesa.es\/eu\/\" \/>\n<meta property=\"og:locale\" content=\"en_US\" \/>\n<meta property=\"og:type\" content=\"article\" \/>\n<meta property=\"og:title\" content=\"Inicio - Genesa\" \/>\n<meta property=\"og:description\" content=\"Industrias Genesa S.A. Sobre nosotros Industrias Genesa S.A. es una empresa con m\u00e1s de 40 a\u00f1os de experiencia especializada en la fabricaci\u00f3n y reparaci\u00f3n de frenos y acoplamientos industriales. Desde nuestra sede en Mungia (Bizkaia), damos respuesta a las necesidades del sector industrial ofreciendo soluciones fiables, personalizadas y de alta calidad. Nuestra trayectoria nos ha [&hellip;]\" \/>\n<meta property=\"og:url\" content=\"https:\/\/genesa.es\/eu\/\" \/>\n<meta property=\"og:site_name\" content=\"Genesa\" \/>\n<meta property=\"article:modified_time\" content=\"2025-05-21T16:23:53+00:00\" \/>\n<meta property=\"og:image\" content=\"https:\/\/genesa.es\/wp-content\/uploads\/2025\/05\/fachada-genesa-scaled.jpg\" \/>\n\t<meta property=\"og:image:width\" content=\"2560\" \/>\n\t<meta property=\"og:image:height\" content=\"1700\" \/>\n\t<meta property=\"og:image:type\" content=\"image\/jpeg\" \/>\n<meta name=\"twitter:card\" content=\"summary_large_image\" \/>\n<meta name=\"twitter:label1\" content=\"Est. reading time\" \/>\n\t<meta name=\"twitter:data1\" content=\"1 minutua\" \/>\n<script type=\"application\/ld+json\" class=\"yoast-schema-graph\">{\"@context\":\"https:\\\/\\\/schema.org\",\"@graph\":[{\"@type\":\"WebPage\",\"@id\":\"https:\\\/\\\/genesa.es\\\/\",\"url\":\"https:\\\/\\\/genesa.es\\\/\",\"name\":\"Inicio - Genesa\",\"isPartOf\":{\"@id\":\"https:\\\/\\\/genesa.es\\\/#website\"},\"primaryImageOfPage\":{\"@id\":\"https:\\\/\\\/genesa.es\\\/#primaryimage\"},\"image\":{\"@id\":\"https:\\\/\\\/genesa.es\\\/#primaryimage\"},\"thumbnailUrl\":\"https:\\\/\\\/genesa.es\\\/wp-content\\\/uploads\\\/2025\\\/05\\\/fachada-genesa-1024x680.jpg\",\"datePublished\":\"2025-05-19T15:45:44+00:00\",\"dateModified\":\"2025-05-21T16:23:53+00:00\",\"breadcrumb\":{\"@id\":\"https:\\\/\\\/genesa.es\\\/#breadcrumb\"},\"inLanguage\":\"eu\",\"potentialAction\":[{\"@type\":\"ReadAction\",\"target\":[\"https:\\\/\\\/genesa.es\\\/\"]}]},{\"@type\":\"ImageObject\",\"inLanguage\":\"eu\",\"@id\":\"https:\\\/\\\/genesa.es\\\/#primaryimage\",\"url\":\"https:\\\/\\\/genesa.es\\\/wp-content\\\/uploads\\\/2025\\\/05\\\/fachada-genesa-1024x680.jpg\",\"contentUrl\":\"https:\\\/\\\/genesa.es\\\/wp-content\\\/uploads\\\/2025\\\/05\\\/fachada-genesa-1024x680.jpg\"},{\"@type\":\"BreadcrumbList\",\"@id\":\"https:\\\/\\\/genesa.es\\\/#breadcrumb\",\"itemListElement\":[{\"@type\":\"ListItem\",\"position\":1,\"name\":\"Portada\",\"item\":\"https:\\\/\\\/genesa.es\\\/\"},{\"@type\":\"ListItem\",\"position\":2,\"name\":\"Inicio\"}]},{\"@type\":\"WebSite\",\"@id\":\"https:\\\/\\\/genesa.es\\\/#website\",\"url\":\"https:\\\/\\\/genesa.es\\\/\",\"name\":\"Genesa\",\"description\":\"Fabricaci\u00f3n de frenos industriales de zapatas y servicio de reparaciones.\",\"publisher\":{\"@id\":\"https:\\\/\\\/genesa.es\\\/#organization\"},\"potentialAction\":[{\"@type\":\"SearchAction\",\"target\":{\"@type\":\"EntryPoint\",\"urlTemplate\":\"https:\\\/\\\/genesa.es\\\/?s={search_term_string}\"},\"query-input\":{\"@type\":\"PropertyValueSpecification\",\"valueRequired\":true,\"valueName\":\"search_term_string\"}}],\"inLanguage\":\"eu\"},{\"@type\":\"Organization\",\"@id\":\"https:\\\/\\\/genesa.es\\\/#organization\",\"name\":\"Genesa\",\"url\":\"https:\\\/\\\/genesa.es\\\/\",\"logo\":{\"@type\":\"ImageObject\",\"inLanguage\":\"eu\",\"@id\":\"https:\\\/\\\/genesa.es\\\/#\\\/schema\\\/logo\\\/image\\\/\",\"url\":\"https:\\\/\\\/genesa.es\\\/wp-content\\\/uploads\\\/2025\\\/05\\\/cropped-CROAK-1.png\",\"contentUrl\":\"https:\\\/\\\/genesa.es\\\/wp-content\\\/uploads\\\/2025\\\/05\\\/cropped-CROAK-1.png\",\"width\":500,\"height\":188,\"caption\":\"Genesa\"},\"image\":{\"@id\":\"https:\\\/\\\/genesa.es\\\/#\\\/schema\\\/logo\\\/image\\\/\"}}]}<\/script>\n<!-- \/ Yoast SEO plugin. -->","yoast_head_json":{"title":"Inicio - Genesa","robots":{"index":"index","follow":"follow","max-snippet":"max-snippet:-1","max-image-preview":"max-image-preview:large","max-video-preview":"max-video-preview:-1"},"canonical":"https:\/\/genesa.es\/eu\/","og_locale":"en_US","og_type":"article","og_title":"Inicio - Genesa","og_description":"Industrias Genesa S.A. Sobre nosotros Industrias Genesa S.A. es una empresa con m\u00e1s de 40 a\u00f1os de experiencia especializada en la fabricaci\u00f3n y reparaci\u00f3n de frenos y acoplamientos industriales. Desde nuestra sede en Mungia (Bizkaia), damos respuesta a las necesidades del sector industrial ofreciendo soluciones fiables, personalizadas y de alta calidad. Nuestra trayectoria nos ha [&hellip;]","og_url":"https:\/\/genesa.es\/eu\/","og_site_name":"Genesa","article_modified_time":"2025-05-21T16:23:53+00:00","og_image":[{"width":2560,"height":1700,"url":"https:\/\/genesa.es\/wp-content\/uploads\/2025\/05\/fachada-genesa-scaled.jpg","type":"image\/jpeg"}],"twitter_card":"summary_large_image","twitter_misc":{"Est. reading time":"1 minutua"},"schema":{"@context":"https:\/\/schema.org","@graph":[{"@type":"WebPage","@id":"https:\/\/genesa.es\/","url":"https:\/\/genesa.es\/","name":"Inicio - Genesa","isPartOf":{"@id":"https:\/\/genesa.es\/#website"},"primaryImageOfPage":{"@id":"https:\/\/genesa.es\/#primaryimage"},"image":{"@id":"https:\/\/genesa.es\/#primaryimage"},"thumbnailUrl":"https:\/\/genesa.es\/wp-content\/uploads\/2025\/05\/fachada-genesa-1024x680.jpg","datePublished":"2025-05-19T15:45:44+00:00","dateModified":"2025-05-21T16:23:53+00:00","breadcrumb":{"@id":"https:\/\/genesa.es\/#breadcrumb"},"inLanguage":"eu","potentialAction":[{"@type":"ReadAction","target":["https:\/\/genesa.es\/"]}]},{"@type":"ImageObject","inLanguage":"eu","@id":"https:\/\/genesa.es\/#primaryimage","url":"https:\/\/genesa.es\/wp-content\/uploads\/2025\/05\/fachada-genesa-1024x680.jpg","contentUrl":"https:\/\/genesa.es\/wp-content\/uploads\/2025\/05\/fachada-genesa-1024x680.jpg"},{"@type":"BreadcrumbList","@id":"https:\/\/genesa.es\/#breadcrumb","itemListElement":[{"@type":"ListItem","position":1,"name":"Portada","item":"https:\/\/genesa.es\/"},{"@type":"ListItem","position":2,"name":"Inicio"}]},{"@type":"WebSite","@id":"https:\/\/genesa.es\/#website","url":"https:\/\/genesa.es\/","name":"Genesa","description":"Fabricaci\u00f3n de frenos industriales de zapatas y servicio de reparaciones.","publisher":{"@id":"https:\/\/genesa.es\/#organization"},"potentialAction":[{"@type":"SearchAction","target":{"@type":"EntryPoint","urlTemplate":"https:\/\/genesa.es\/?s={search_term_string}"},"query-input":{"@type":"PropertyValueSpecification","valueRequired":true,"valueName":"search_term_string"}}],"inLanguage":"eu"},{"@type":"Organization","@id":"https:\/\/genesa.es\/#organization","name":"Genesa","url":"https:\/\/genesa.es\/","logo":{"@type":"ImageObject","inLanguage":"eu","@id":"https:\/\/genesa.es\/#\/schema\/logo\/image\/","url":"https:\/\/genesa.es\/wp-content\/uploads\/2025\/05\/cropped-CROAK-1.png","contentUrl":"https:\/\/genesa.es\/wp-content\/uploads\/2025\/05\/cropped-CROAK-1.png","width":500,"height":188,"caption":"Genesa"},"image":{"@id":"https:\/\/genesa.es\/#\/schema\/logo\/image\/"}}]}},"_links":{"self":[{"href":"https:\/\/genesa.es\/eu\/wp-json\/wp\/v2\/pages\/20","targetHints":{"allow":["GET"]}}],"collection":[{"href":"https:\/\/genesa.es\/eu\/wp-json\/wp\/v2\/pages"}],"about":[{"href":"https:\/\/genesa.es\/eu\/wp-json\/wp\/v2\/types\/page"}],"author":[{"embeddable":true,"href":"https:\/\/genesa.es\/eu\/wp-json\/wp\/v2\/users\/1"}],"replies":[{"embeddable":true,"href":"https:\/\/genesa.es\/eu\/wp-json\/wp\/v2\/comments?post=20"}],"version-history":[{"count":76,"href":"https:\/\/genesa.es\/eu\/wp-json\/wp\/v2\/pages\/20\/revisions"}],"predecessor-version":[{"id":357,"href":"https:\/\/genesa.es\/eu\/wp-json\/wp\/v2\/pages\/20\/revisions\/357"}],"wp:attachment":[{"href":"https:\/\/genesa.es\/eu\/wp-json\/wp\/v2\/media?parent=20"}],"curies":[{"name":"wp","href":"https:\/\/api.w.org\/{rel}","templated":true}]}}